{"id":1982,"date":"2015-12-26T10:05:13","date_gmt":"2015-12-26T10:05:13","guid":{"rendered":"http:\/\/bimbiinauto.com\/?page_id=1982"},"modified":"2023-05-20T18:46:57","modified_gmt":"2023-05-20T18:46:57","slug":"gruppo-0-0-10-kg","status":"publish","type":"page","link":"https:\/\/www.bimbiinauto.com\/?page_id=1982","title":{"rendered":"Seggiolini auto Gruppo 0 (0-10 kg)"},"content":{"rendered":"<p><strong>Seggiolini auto<\/strong> gruppo 0 \u00e8 la categoria dei &nbsp;seggiolini che per primi vengono usati quando portiamo a casa dall&#8217;ospedale il nostro neonato. Si tratta infatti del seggiolino entry-level, quello base con cui partire quando si ha un bambino da trasportare in auto.<\/p>\n<p>Anche chiamata &#8220;navicella&#8221;&nbsp;molto spesso fa parte del trio che si acquista alla nascita del primo figlio, questo comprende appunto la navicella, l&#8217;ovetto&nbsp;ed il passeggino. Solitament einfatti \u00e8 possibile acquistare il set intero ad un prezzo concorrenziale, questo si traduce in un maggior risparmio, specialmente se si decide di comprare online, ed in una maggiore comodit\u00e0, avendo a disposizione tutti gli accessori necessari di cui si ha bisogno alla nascita del primo figlio.<\/p>\n<p>I <em>seggiolini auto<\/em> di gruppo 0 vengono venduti anche separati, le esigenza possono essere le pi\u00f9 disparate, un parente che ci regala il passeggino usato oppure e pi\u00f9 semplicemente non vogliamo un pacchetto gi\u00e0 pre-costrutito come appunto il trio \u00e8 quindi facoltativa la scelta del cliente di acquistare un set completo o un singolo seggiolino del gruppo 0.<\/p>\n<p>La navicella, come tipologia di seggiolino \u00e8 per\u00f2 difficile da montare in macchina, soprattutto per chi non ha molta dimestichezza, non essendo fissa \u00e8 davvero molto scomoda e poco pratica.<\/p>\n<div class=\"media_video clearfix text-center\">\n    <div class=\"border-lightgrey clearfix inner padd20 pb0 rh-shadow3\">\n        <div class=\"video-container\">\n            <iframe loading=\"lazy\" width=\"703\" height=\"395\" src=\"https:\/\/www.youtube.com\/embed\/UXw4gBBcmHc\" frameborder=\"0\" allowfullscreen><\/iframe>            \n        <\/div>\n        <h4>Installazione contromarcia di un seggiolino universale di gruppo 0+ non Isofix<\/h4>\n                    <p>Esempio delle modalit\u00e0 di installazione, con le normali cinture di sicurezza dell&#039;auto, di un seggiolino universale di gruppo 0+ (fino a 13 kg) in direzione a quella ...<\/p>\n                \n    <\/div>\n<\/div>\n<p>Il nostro consiglio \u00e8 quello di optare per un altroi modello oppure usare direttamente l&#8217;ovetto, che risulta anche pi\u00f9 economico e vantaggioso visto che \u00e8 possibile utilizzarlo anche quando il bambino cresce un pochino. Quest&#8217;ultimo infatti fa parte del <a href=\"http:\/\/bimbiinauto.com\/seggiolini-auto-gruppo-0-0-13-kg\/\">gruppo 0+<\/a>, \u00e8 molto pi\u00f9 semplice ed intuitivo il&nbsp;montaggio e lo smontaggio dai sedili, in pi\u00f9 il bambino \u00e8 assicurato all&#8217;auto in modo molto pi\u00f9 stabile, offrendo quindi una sicurezza ancopra maggiore. Navigando attrverso le pagine presenti nel nostro sito, potete trovare anche alcuni suggerimenti per trovare l&#8217;ovetto che meglio si adatta alle vostre esigenze, semplicemente cercando tra i seggiolini auto del gruppo 0+ o di categoria superiore a seconda dell&#8217;et\u00e0 e del peso del bambino.<\/p>\n<p>Questi di seguito sono alcuni ottimi <strong>seggiolini auto gruppo 0+<\/strong> omologati e realizzati da marchi affidabili e sicuri. Cliccando sulle immagini o sui link potete accedere alle pagine di vendita dove potrete trovare tutte le offerte con gli sconti e le informazioni sulla spedizione.<strong><br \/>\n<\/strong><\/p>\n\n<h3>Articoli correlati:<\/h3>\n<ul>\n<li><a href=\"https:\/\/www.bimbiinauto.com\/seggiolini-auto-gruppo-0-0-13-kg\/\">Seggiolini auto Gruppo 0+<\/a><\/li>\n<li><a href=\"https:\/\/www.bimbiinauto.com\/seggiolini-auto-gruppo-1\/\">Seggiolini auto Gruppo 1<\/a><\/li>\n<li><a href=\"https:\/\/www.bimbiinauto.com\/seggiolini-auto-gruppo-2-15-25-kg\/\">Seggiolini auto Gruppo 2<\/a><\/li>\n<li><a href=\"https:\/\/www.bimbiinauto.com\/seggiolini-auto-gruppo-3\/\">Seggiolini auto Gruppo 3<\/a><\/li>\n<li><a href=\"https:\/\/www.bimbiinauto.com\/seggiolini-auto-gruppo-123-9-36-kg\/\">Seggiolini auto Gruppo 123<\/a><\/li>\n<li><a href=\"https:\/\/www.bimbiinauto.com\/\">Seggiolino auto<\/a><\/li>\n<li><a href=\"https:\/\/www.google.it\/search?q=seggiolini+auto+gruppo+0\" target=\"_blank\" rel=\"nofollow noopener\">Altre info<\/a><\/li>\n<\/ul>\n<p>&nbsp;<\/p>\n","protected":false},"excerpt":{"rendered":"<p>Seggiolini auto gruppo 0 \u00e8 la categoria dei &nbsp;seggiolini che per primi vengono usati quando portiamo a casa dall&#8217;ospedale il nostro neonato. Si tratta infatti del seggiolino entry-level, quello base con cui partire quando si ha un bambino da trasportare in auto. Anche chiamata &#8220;navicella&#8221;&nbsp;molto spesso fa parte del trio che si acquista alla nascita [&hellip;]<\/p>\n","protected":false},"author":2,"featured_media":3061,"parent":0,"menu_order":0,"comment_status":"closed","ping_status":"closed","template":"","meta":{"footnotes":""},"class_list":["post-1982","page","type-page","status-publish","has-post-thumbnail","hentry"],"_links":{"self":[{"href":"https:\/\/www.bimbiinauto.com\/index.php?rest_route=\/wp\/v2\/pages\/1982","targetHints":{"allow":["GET"]}}],"collection":[{"href":"https:\/\/www.bimbiinauto.com\/index.php?rest_route=\/wp\/v2\/pages"}],"about":[{"href":"https:\/\/www.bimbiinauto.com\/index.php?rest_route=\/wp\/v2\/types\/page"}],"author":[{"embeddable":true,"href":"https:\/\/www.bimbiinauto.com\/index.php?rest_route=\/wp\/v2\/users\/2"}],"replies":[{"embeddable":true,"href":"https:\/\/www.bimbiinauto.com\/index.php?rest_route=%2Fwp%2Fv2%2Fcomments&post=1982"}],"version-history":[{"count":0,"href":"https:\/\/www.bimbiinauto.com\/index.php?rest_route=\/wp\/v2\/pages\/1982\/revisions"}],"wp:featuredmedia":[{"embeddable":true,"href":"https:\/\/www.bimbiinauto.com\/index.php?rest_route=\/wp\/v2\/media\/3061"}],"wp:attachment":[{"href":"https:\/\/www.bimbiinauto.com\/index.php?rest_route=%2Fwp%2Fv2%2Fmedia&parent=1982"}],"curies":[{"name":"wp","href":"https:\/\/api.w.org\/{rel}","templated":true}]}}