{"id":1991,"date":"2015-12-26T10:42:04","date_gmt":"2015-12-26T10:42:04","guid":{"rendered":"http:\/\/bimbiinauto.com\/?page_id=1991"},"modified":"2023-05-20T18:48:18","modified_gmt":"2023-05-20T18:48:18","slug":"seggiolini-auto-gruppo-0-0-13-kg","status":"publish","type":"page","link":"https:\/\/www.bimbiinauto.com\/?page_id=1991","title":{"rendered":"Seggiolini auto Gruppo 0+ (0-13 kg)"},"content":{"rendered":"<p>I <strong>seggiolini auto gruppo 0+<\/strong> come recita il <a href=\"http:\/\/www.poliziadistato.it\/articolo\/173\/\" target=\"_blank\" rel=\"nofollow noopener\">sito della polizia di stato<\/a>&nbsp;sono&nbsp;seggiolini auto del <a href=\"https:\/\/www.bimbiinauto.com\/gruppo-0-0-10-kg\/\">gruppo 0<\/a> ma con maggiori protezioni ed adatti a bambini fino ai 13kg di peso.<\/p>\n<p>I <em>seggiolini auto gruppo 0+<\/em>&nbsp;sono comunemente chiamati &#8220;ovetti&#8221; semplicemente perch\u00e8 la forma richiama appunto un uovo.<\/p>\n<p>Vengono montati in verso contrario alla marcia ed &nbsp;sono da sostituire quando il bambino con i piedi tocca il sedile, come gi\u00e0 detto nell&#8217;articolo precedente questo serve soprattutto per la sicurezza del neonato.<\/p>\n<div class=\"video-container\">\n        <iframe loading=\"lazy\" width=\"703\" height=\"395\" src=\"https:\/\/www.youtube.com\/embed\/W7A-Zf86ZX8\" frameborder=\"0\" allowfullscreen><\/iframe>           \n    <\/div>\n<h2>Seggiolini auto gruppo 0, quando passare ad una fascia sucessiva<\/h2>\n<p>Io ho usato un seggiolino auto di fascia zero compreso in un trio, ovetto passeggino e navicella, poi da otto mesi ho dovuto abbandonare l&#8217;ovetto per comperare un seggiolino auto gruppo 1\/2. Infatti mio figlio&nbsp;\u00e8&nbsp;molto alto e gi\u00e0 dall&#8217;et\u00e0 di 8 mesi, anche se era solo 8,5kg, toccava il sedile posteriore della mia macchina con i piedi, quindi&nbsp;sono stato cos\u00ec obbligato all&#8217;acquisto di un seggiolino di gruppo superiore.<\/p>\n<p>Qui di seguito alcuni consigli per ottimi seggiolini<\/p>\n<p>Qui di seguito i <strong>migliori seggiolini del gruppo 0+<\/strong><\/p>\n\n<p>&nbsp;<\/p>\n<h3>Articoli correlati:<\/h3>\n<ul>\n<li><a href=\"https:\/\/www.bimbiinauto.com\/gruppo-0-0-10-kg\/\">Seggiolini auto Gruppo 0<\/a><\/li>\n<li><a href=\"https:\/\/www.bimbiinauto.com\/seggiolini-auto-gruppo-1\/\">Seggiolini auto Gruppo 1<\/a><\/li>\n<li><a href=\"https:\/\/www.bimbiinauto.com\/seggiolini-auto-gruppo-2-15-25-kg\/\">Seggiolini auto Gruppo 2<\/a><\/li>\n<li><a href=\"https:\/\/www.bimbiinauto.com\/seggiolini-auto-gruppo-3\/\">Seggiolini auto Gruppo 3<\/a><\/li>\n<li><a href=\"https:\/\/www.bimbiinauto.com\/seggiolini-auto-gruppo-123-9-36-kg\/\">Seggiolini auto Gruppo 123<\/a><\/li>\n<li><a href=\"https:\/\/www.bimbiinauto.com\/\">Seggiolino auto<\/a><\/li>\n<\/ul>\n<p>&nbsp;<\/p>\n<p>&nbsp;<\/p>\n","protected":false},"excerpt":{"rendered":"<p>I seggiolini auto gruppo 0+ come recita il sito della polizia di stato&nbsp;sono&nbsp;seggiolini auto del gruppo 0 ma con maggiori protezioni ed adatti a bambini fino ai 13kg di peso. I seggiolini auto gruppo 0+&nbsp;sono comunemente chiamati &#8220;ovetti&#8221; semplicemente perch\u00e8 la forma richiama appunto un uovo. Vengono montati in verso contrario alla marcia ed &nbsp;sono [&hellip;]<\/p>\n","protected":false},"author":2,"featured_media":3063,"parent":0,"menu_order":0,"comment_status":"closed","ping_status":"closed","template":"","meta":{"footnotes":""},"class_list":["post-1991","page","type-page","status-publish","has-post-thumbnail","hentry"],"_links":{"self":[{"href":"https:\/\/www.bimbiinauto.com\/index.php?rest_route=\/wp\/v2\/pages\/1991","targetHints":{"allow":["GET"]}}],"collection":[{"href":"https:\/\/www.bimbiinauto.com\/index.php?rest_route=\/wp\/v2\/pages"}],"about":[{"href":"https:\/\/www.bimbiinauto.com\/index.php?rest_route=\/wp\/v2\/types\/page"}],"author":[{"embeddable":true,"href":"https:\/\/www.bimbiinauto.com\/index.php?rest_route=\/wp\/v2\/users\/2"}],"replies":[{"embeddable":true,"href":"https:\/\/www.bimbiinauto.com\/index.php?rest_route=%2Fwp%2Fv2%2Fcomments&post=1991"}],"version-history":[{"count":0,"href":"https:\/\/www.bimbiinauto.com\/index.php?rest_route=\/wp\/v2\/pages\/1991\/revisions"}],"wp:featuredmedia":[{"embeddable":true,"href":"https:\/\/www.bimbiinauto.com\/index.php?rest_route=\/wp\/v2\/media\/3063"}],"wp:attachment":[{"href":"https:\/\/www.bimbiinauto.com\/index.php?rest_route=%2Fwp%2Fv2%2Fmedia&parent=1991"}],"curies":[{"name":"wp","href":"https:\/\/api.w.org\/{rel}","templated":true}]}}