{"id":2011,"date":"2015-12-26T14:53:32","date_gmt":"2015-12-26T14:53:32","guid":{"rendered":"http:\/\/bimbiinauto.com\/?page_id=2011"},"modified":"2023-05-20T18:51:06","modified_gmt":"2023-05-20T18:51:06","slug":"seggiolini-auto-gruppo-2-15-25-kg","status":"publish","type":"page","link":"https:\/\/www.bimbiinauto.com\/?page_id=2011","title":{"rendered":"Seggiolini auto gruppo 2 (15-25 KG)"},"content":{"rendered":"<p>Nella categoria&nbsp;<strong>seggiolini auto gruppo auto 2&nbsp;<\/strong>intendiamo la fascia di peso che va dai 15 ai 25 kg. Utilizzano le normali cinture di sicurezza come&nbsp;sicurezza per il bambino.<\/p>\n<p>Questa categoria di seggiolini \u00e8 raramente utilizzata da sola, infatti \u00e8 quasi sempre integrata ad un altro gruppo, solitamente di categoria superiore, quindi 2\/3, questo pu\u00f2 essere ad esempio:<\/p>\n<ul>\n<li>il gruppo 1, ed avremo allora dei seggiolini per bambini 1\/2 per un peso da 9 a 25 kg<\/li>\n<li>il gruppo 3, ed avremo cos\u00ec dei seggiolini per bambini 2\/3 per un peso da 15 a 36 kg<\/li>\n<\/ul>\n<div class=\"video-container\">\n        <iframe loading=\"lazy\" width=\"703\" height=\"395\" src=\"https:\/\/www.youtube.com\/embed\/G6sst9elO2E\" frameborder=\"0\" allowfullscreen><\/iframe>           \n    <\/div>\n<p>I seggiolini del gruppo 3 sono quasi sempre solo dei cuscini assicurati al sedile posteriore, ed \u00e8 per questo che i seggiolini auto gruppo 2 hanno pi\u00f9 pezzi separabili a seconda della necessit\u00e0.<\/p>\n\n<h2>Seggiolini auto gruppo 2 sicurezza<\/h2>\n<p>I livelli di sicurezza per questo gruppo ed il successivo sono molti rigidi, il bambino crescendo ha bisogno di molto pi\u00f9 spazio ed \u00e8 quindi il codice della strada ad assicurarsi che braccioli e cuscini adottino i pi\u00f9 alti standard di sicurezza.<\/p>\n<h3>Articoli correlati:<\/h3>\n<ul>\n<li><a href=\"https:\/\/www.bimbiinauto.com\/gruppo-0-0-10-kg\/\">Seggiolini auto Gruppo 0<\/a><\/li>\n<li><a href=\"https:\/\/www.bimbiinauto.com\/seggiolini-auto-gruppo-0-0-13-kg\/\">Seggiolini auto Gruppo 0+<\/a><\/li>\n<li><a href=\"https:\/\/www.bimbiinauto.com\/seggiolini-auto-gruppo-1\/\">Seggiolini auto Gruppo 1<\/a><\/li>\n<li><a href=\"https:\/\/www.bimbiinauto.com\/seggiolini-auto-gruppo-3\/\">Seggiolini auto Gruppo 3<\/a><\/li>\n<li><a href=\"https:\/\/www.bimbiinauto.com\/seggiolini-auto-gruppo-123-9-36-kg\/\">Seggiolini auto Gruppo 123<\/a><\/li>\n<li><a href=\"https:\/\/www.bimbiinauto.com\/\">Seggiolino auto<\/a><\/li>\n<\/ul>\n<p>&nbsp;<\/p>\n","protected":false},"excerpt":{"rendered":"<p>Nella categoria&nbsp;seggiolini auto gruppo auto 2&nbsp;intendiamo la fascia di peso che va dai 15 ai 25 kg. Utilizzano le normali cinture di sicurezza come&nbsp;sicurezza per il bambino. Questa categoria di seggiolini \u00e8 raramente utilizzata da sola, infatti \u00e8 quasi sempre integrata ad un altro gruppo, solitamente di categoria superiore, quindi 2\/3, questo pu\u00f2 essere ad [&hellip;]<\/p>\n","protected":false},"author":2,"featured_media":3066,"parent":0,"menu_order":0,"comment_status":"closed","ping_status":"closed","template":"","meta":{"footnotes":""},"class_list":["post-2011","page","type-page","status-publish","has-post-thumbnail","hentry"],"_links":{"self":[{"href":"https:\/\/www.bimbiinauto.com\/index.php?rest_route=\/wp\/v2\/pages\/2011","targetHints":{"allow":["GET"]}}],"collection":[{"href":"https:\/\/www.bimbiinauto.com\/index.php?rest_route=\/wp\/v2\/pages"}],"about":[{"href":"https:\/\/www.bimbiinauto.com\/index.php?rest_route=\/wp\/v2\/types\/page"}],"author":[{"embeddable":true,"href":"https:\/\/www.bimbiinauto.com\/index.php?rest_route=\/wp\/v2\/users\/2"}],"replies":[{"embeddable":true,"href":"https:\/\/www.bimbiinauto.com\/index.php?rest_route=%2Fwp%2Fv2%2Fcomments&post=2011"}],"version-history":[{"count":0,"href":"https:\/\/www.bimbiinauto.com\/index.php?rest_route=\/wp\/v2\/pages\/2011\/revisions"}],"wp:featuredmedia":[{"embeddable":true,"href":"https:\/\/www.bimbiinauto.com\/index.php?rest_route=\/wp\/v2\/media\/3066"}],"wp:attachment":[{"href":"https:\/\/www.bimbiinauto.com\/index.php?rest_route=%2Fwp%2Fv2%2Fmedia&parent=2011"}],"curies":[{"name":"wp","href":"https:\/\/api.w.org\/{rel}","templated":true}]}}