{"id":2036,"date":"2015-12-26T16:55:34","date_gmt":"2015-12-26T16:55:34","guid":{"rendered":"http:\/\/bimbiinauto.com\/?page_id=2036"},"modified":"2026-02-11T02:14:04","modified_gmt":"2026-02-11T02:14:04","slug":"seggiolini-auto-isofix","status":"publish","type":"page","link":"https:\/\/www.bimbiinauto.com\/?page_id=2036","title":{"rendered":"Seggiolini auto Isofix"},"content":{"rendered":"<p><strong>ISOFIX<\/strong> \u00e8 uno standard dell&#8217;Organizzazione internazionale per la normazione che ha normato l&#8217;aggancio <em>ISOFIX<\/em> per seggiolini auto numero 13216. L&#8217;<em>obbligo seggiolino auto<\/em> \u00e8 senz&#8217;altro tra le prime preoccupazioni dei neo genitori, ed i seggiolini auto con <strong>attacco isofix<\/strong> sono un ottima soluzione.<\/p>\n<p>Questa normativa ha permesso di creare una regola uguale per tutte le case automobilistiche, in poche parole l&#8217;aggancio Isofix \u00e8 uguale su ogni autovettura.<\/p>\n<p>Prima del fissaggio tramite <strong>attacchi<\/strong> <strong>Isofix <\/strong>(tutt&#8217;ora in vendita) il seggiolino auto veniva fissato all&#8217;utomobile tramite le cinture di sicurezza dei sedili.<\/p>\n<p>I <strong>seggiolini auto Isofix<\/strong> hanno la caratteristica di essere agganciati e staccati molto velocemente ed in modo sicuro. E&#8217; infatti la sicurezza di questa nuova tecnologia il suo punto forte. I vecchi fissaggi tramite cinture di sicurezza erano instabili, irregolari ed insicuri.<\/p>\n<p>Sfortunatamente non tutte le auto hanno la predisposizione Isofix, specialmente le auto con un numero di anni di vita elevato, tuttavia le auto immatricolate dopo il 2006 dovrebbero essere munite di attacchi Isofix.<\/p>\n<p>Per scoprire se la vostra auto \u00e8 dotata di agganci isofix potete consultare il nostro elenco che pubblichiamo di seguito.<\/p>\n<p><a href=\"https:\/\/www.bimbiinauto.com\/wp-content\/uploads\/2015\/12\/isofix-auto.pdf\" target=\"_blank\" rel=\"noopener noreferrer\">Tutte le auto dotate di attacchi isofix<\/a>.<\/p>\n<h2>Sicurezza seggiolini auto Isofix e cinture<\/h2>\n<p>Provando a scuotere un <em>seggiolino auto Isofix<\/em> possiamo notare la completa immobilit\u00e0 del seggiolino auto. Non c&#8217;\u00e8 pi\u00f9 possibilit\u00e0 di notare quell&#8217;agio che le cinture di sicurezza devono per forza di cose avere per poter offrire un comfort di viaggio ottimale.<\/p>\n<blockquote class=\"wpsm-quote alignnone\"style=\"width:100%\"><p>E&#8217; stato osservato che l&#8217;80% dei seggiolini fissati tramite cinture di sicurezza, avviene assicurato in modo sbagliato, mettendo cos\u00ec a repentaglio la sicurezza del bambino.<\/p><\/blockquote>\n<p>Il <strong>seggiolino auto Isofix 9-36 kg<\/strong> viene ancorato all&#8217;auto tramite due attacchi isofix fissati alla base posteriore del seggiolino, e poi un terzo sostegno che pu\u00f2 essere:<\/p>\n<ul>\n<li>Una gamba anteriore sistema Isofix semi-universale.<\/li>\n<li>Un aggancio superiore detto top-tether <em>sistema Isofix universale.<\/em><\/li>\n<\/ul>\n<p>L&#8217;isofix semi-universale \u00e8 leggermente meno sicuro del secondo, in quanto la gamba da sistemare anteriormente deve essere ben posizionata. I tre agganci sono sufficienti per creare la massima sicurezza possibile.<\/p>\n<p>E&#8217; sempre bene valutare se la vostra auto adotta il sistema universale oppure il semi-universale.<\/p>\n<h2>Perch\u00e9 scegliere il sistema Isofix<\/h2>\n<p><div class=\"wpsm-one-half wpsm-column-first\"><div class=\"wpsm_pros\"><div class=\"title_pros\">PROS:<\/div><\/p>\n<ul>\n<li>Sicurezza implementata<\/li>\n<li>Facilit\u00e0 di montaggio<\/li>\n<li>Ridotto errore umano nel montaggio<\/li>\n<li>Solido e permanente ancoraggio<\/li>\n<\/ul>\n<p><\/div><\/div><div class=\"wpsm-one-half wpsm-column-last\"><div class=\"wpsm_cons\"><div class=\"title_cons\">CONS:<\/div><\/p>\n<ul>\n<li>Costo leggermente maggiore<\/li>\n<li>Non tutte le auto hanno l&#8217;attacco Isofix<\/li>\n<\/ul>\n<p><\/div><\/div><div class=\"clearfix\"><\/div><\/p>\n<p>Come genitori faremmo qualsiasi cosa per garantire la sicurezza dei nostri figli, per poter cercare questa sicurezza anche nei viaggi in auto la risposta migliore \u00e8 scegliere un seggiolino auto Isofix. Il sistema Isofix \u00e8 infatti considerato da molti il sistema di sicurezza pi\u00f9 efficace, da utilizzare per ancorare in modo stabile e sicuro il seggiolino per bambini all&#8217;auto, in modo da poter garantire una viaggio in totale sicurezza a nostro figlio, qualora la nostra auto fosse dotata di tali attacchi \u00e8 opportuno considerare l&#8217;acquisto di un seggiolino con attacchi isofix.<\/p>\n<div class=\"video-container\">\n        <iframe loading=\"lazy\" width=\"703\" height=\"395\" src=\"https:\/\/www.youtube.com\/embed\/eAkD5PsRdeE\" frameborder=\"0\" allowfullscreen><\/iframe>           \n    <\/div>\n<p>Continuando a leggere, in questo articolo, potrete trovare alcune proposte online molto convenienti, dove \u00e8 possibile acquistare seggiolini per auto con attacchi isofix che rispettano la normativa 2020 e 2021 a prezzo scontato e vantaggioso.<\/p>\n<p>E&#8217; naturale scegliere quindi un seggiolino auto Isofix rotante quando la nostra macchina \u00e8 predisposta, in tal modo sar\u00e0 molto pi\u00f9 comodo e pratico fissare il bimbo e il sediolino al sedile.<\/p>\n<p>In questo modo si riesce a garantire la massima sicurezza per il bambino che viaggia con noi in auto, potendo contare sulla massima rigidit\u00e0 e stabilit\u00e0 del seggiolino ancorato al telaio dell&#8217;auto.<\/p>\n<p>Tra i brand pi\u00f9 popolari che producono <strong>seggiolini auto per bambini omologati con attacchi isofix con rialzo<\/strong> o senza, vi segnaliamo le seguenti case produttrici:<\/p>\n<ul>\n<li><a href=\"https:\/\/www.bimbiinauto.com\/seggiolino-auto-foppapedretti\/\">Foppapedretti<\/a><\/li>\n<li><a href=\"https:\/\/www.bimbiinauto.com\/seggiolino-auto-cam\/\">Cam<\/a><\/li>\n<li><a href=\"https:\/\/www.bimbiinauto.com\/seggiolino-auto-inglesina\/\">Inglesina<\/a><\/li>\n<li><a href=\"https:\/\/www.bimbiinauto.com\/seggiolino-auto-chicco\/\">Chicco<\/a><\/li>\n<li><a href=\"https:\/\/www.bimbiinauto.com\/seggiolino-auto-recaro\/\">Recaro<\/a><\/li>\n<li><a href=\"https:\/\/www.bimbiinauto.com\/seggiolino-auto-peg-perego\/\">Peg Perego<\/a><\/li>\n<li><a href=\"https:\/\/www.bimbiinauto.com\/seggiolino-auto-cybex\/\">Cybex<\/a><\/li>\n<li><a href=\"https:\/\/www.bimbiinauto.com\/brevi-tao\/\">Brevi<\/a><\/li>\n<\/ul>\n<h2>Migliori Seggiolini Auto Isofix disponibili.<\/h2>\n\n<p>Alcuni modelli di seggiolini hanno una base Isofix intercambiabile per seggiolini di diversi gruppi. Possiamo iniziare con l&#8217;ovetto per il nostro neonato per poi lasciare la base fissata all&#8217;auto ed attaccare un nuovo seggiolino. Naturalmente compatibile con la nostra base.<\/p>\n<p>Consiglio per questo di affidarsi sempre ad una casa costruttrice che offre prodotti di qualit\u00e0 omologati e certificati.<\/p>\n<p>In questo articolo potete trovare una selezione di modelli offerti dalle migliori marche a prezzi competitivi e con molte recensioni per sceglierlo, senza la necessit\u00e0 di dover cercare un <strong>seggiolino per auto usato<\/strong>.<\/p>\n<p>Le leggi europee fortunatamente obbligano le case costruttive di automobili alla maggior sicurezza possibile per i suoi utenti, e <strong>obbligo seggiolino auto gruppo 1 2 3 <\/strong>rientra a pieno diritto tra gli obiettivi di quest&#8217;ultime.<\/p>\n<p>Se ti stai chiedendo se la tua auto \u00e8 compatibile con un seggiolino auto isofix devi verificare che ci siano gli agganci tra lo schienale e la seduta del sedile posteriore, facendo attenzione in quanto potrebbero essere ben nascosti e mimetizzati.<\/p>\n","protected":false},"excerpt":{"rendered":"<p>ISOFIX \u00e8 uno standard dell&#8217;Organizzazione internazionale per la normazione che ha normato l&#8217;aggancio ISOFIX per seggiolini auto numero 13216. L&#8217;obbligo seggiolino auto \u00e8 senz&#8217;altro tra le prime preoccupazioni dei neo genitori, ed i seggiolini auto con attacco isofix sono un ottima soluzione. Questa normativa ha permesso di creare una regola uguale per tutte le case [&hellip;]<\/p>\n","protected":false},"author":2,"featured_media":2980,"parent":0,"menu_order":0,"comment_status":"closed","ping_status":"closed","template":"","meta":{"footnotes":""},"class_list":["post-2036","page","type-page","status-publish","has-post-thumbnail","hentry"],"_links":{"self":[{"href":"https:\/\/www.bimbiinauto.com\/index.php?rest_route=\/wp\/v2\/pages\/2036","targetHints":{"allow":["GET"]}}],"collection":[{"href":"https:\/\/www.bimbiinauto.com\/index.php?rest_route=\/wp\/v2\/pages"}],"about":[{"href":"https:\/\/www.bimbiinauto.com\/index.php?rest_route=\/wp\/v2\/types\/page"}],"author":[{"embeddable":true,"href":"https:\/\/www.bimbiinauto.com\/index.php?rest_route=\/wp\/v2\/users\/2"}],"replies":[{"embeddable":true,"href":"https:\/\/www.bimbiinauto.com\/index.php?rest_route=%2Fwp%2Fv2%2Fcomments&post=2036"}],"version-history":[{"count":0,"href":"https:\/\/www.bimbiinauto.com\/index.php?rest_route=\/wp\/v2\/pages\/2036\/revisions"}],"wp:featuredmedia":[{"embeddable":true,"href":"https:\/\/www.bimbiinauto.com\/index.php?rest_route=\/wp\/v2\/media\/2980"}],"wp:attachment":[{"href":"https:\/\/www.bimbiinauto.com\/index.php?rest_route=%2Fwp%2Fv2%2Fmedia&parent=2036"}],"curies":[{"name":"wp","href":"https:\/\/api.w.org\/{rel}","templated":true}]}}