{"id":2071,"date":"2015-12-28T10:57:26","date_gmt":"2015-12-28T10:57:26","guid":{"rendered":"http:\/\/bimbiinauto.com\/?page_id=2071"},"modified":"2023-05-20T18:35:31","modified_gmt":"2023-05-20T18:35:31","slug":"miglior-seggiolino-auto-bambini","status":"publish","type":"page","link":"https:\/\/www.bimbiinauto.com\/","title":{"rendered":"Miglior seggiolino auto per bambini"},"content":{"rendered":"<p>Se sei alla ricerca del miglior seggiolino auto per bambini, sei nel posto giusto! Con questo sito abbiamo voluto creare una raccolta di recensioni dei migliori seggiolini auto omologati secondo le normative vigenti, in grado di garantire la massima sicurezza e comodit\u00e0 al tuo bambino durante gli spostamenti i nauto, sia per i brevi spostamenti in citt\u00e0, sia nei lunghi tragitti in autostrada.<\/p>\n<p>Di <em><strong>seggiolini auto<\/strong><\/em> ce ne sono tantissimi, ma noi per i nostri figli vogliamo solamente il meglio al giusto prezzo. Desideriamo alta qualit\u00e0 sia in fatto di sicurezza che in fatto di comodit\u00e0 per il bambino, quindi quale seggiolino auto scegliere?<\/p>\n<p><em>Quali caratteristiche deve avere il miglior seggiolino auto per bambini per essere definito un ottimo prodotto? Seguimi e ti spiegheremo tutto quello che abbiamo imparato passando per queste scelte personalmente<\/em>.<\/p>\n<p>La sicurezza del nostro bambino \u00e8 un punto focale dei produttori dei seggiolini auto, tecnologie e materiali sempre nuovi ed innovativi hanno reso i seggiolini auto sempre pi\u00f9 sicuri, comodi ed accoglienti.<\/p>\n<p>Ricordo ancora bene le mille preoccupazioni che da genitore ho provato durante i primissimi viaggi in auto con mio figlio di pochissimi giorni. L&#8217;impaccio dell&#8217;assicurare l&#8217;ovetto, seggiolino auto del <a href=\"https:\/\/www.bimbiinauto.com\/seggiolini-auto-gruppo-0-0-13-kg\/\">gruppo 0+<\/a>, al sedile posteriore con questa piccola creatura che mi osservava un poco preoccupato!<\/p>\n<p>Le nuove normative europee e lo sviluppo tecnologico nel campo della sicurezza in automobile per gli infanti, come l&#8217;introduzione dei seggiolini dotati degli <strong><a href=\"https:\/\/www.bimbiinauto.com\/seggiolini-auto-isofix\/\">attacchi Isofix<\/a><\/strong> hanno reso tutto molto pi\u00f9 facile e non necessariamente pi\u00f9 oneroso per le tasche di noi utenti.<\/p>\n<p>Ma continua a leggere e ti spiegheremo cos&#8217;altro abbiamo imparato.<\/p>\n<p>Intanto dalle nostre considerazioni personali abbiamo tratto alcune conclusioni su quali siano le <a href=\"https:\/\/www.bimbiinauto.com\/recensioni-migliori-seggiolini-auto\/\">migliori marche<\/a> produttrici di seggiolini auto per bambini, tutti omologati ovviamente e realizzate dalle marche pi\u00f9 sicure ed affidabili.<\/p>\n<p>Qui sotto puoi trovare alcuni degli esemplari omologati, prodotti dalle migliori marche nel settore, in vendita online in offerta a prezzo scontato.<\/p>\n<h3>Questa una breve lista di alcuni dei migliori seggiolini auto in vendita:<\/h3>\n<p><span class=\"rvts30\"><\/span><\/p>\n<h2>Quale marca scegliere?<\/h2>\n<p>Sul mercato si possono trovare moltissimi modelli e proposte diverse realizzate da grandi marchi che propongono una variet\u00e0 immensa di modelli suddivisi per i vari gruppi di appartenennza e con caratteristiche ed omologazioni diverse, per questo motivo abbiamo deciso di creare delle sezioni apposite dedicate ad ogni marca, in modo che sia pi\u00f9 facile fare chiarezza tra i vari modelli realizzati e messi in commercio delle numerose case produttrici di dispositivi di sicurezza per bambini da installare sull&#8217;auto per rendere ancora pi\u00f9 facile la scelta del seggiolino auto per bambino pi\u00f9 adatto alle vostre esigenze.<\/p>\n<p>Tra le varie marche, vogliamo menzionare le seguenti:<\/p>\n<ul>\n<li><a href=\"https:\/\/www.bimbiinauto.com\/seggiolino-auto-foppapedretti\/\">Foppapedretti<\/a><\/li>\n<li><a href=\"https:\/\/www.bimbiinauto.com\/seggiolino-auto-cam\/\">Cam<\/a><\/li>\n<li><a href=\"https:\/\/www.bimbiinauto.com\/seggiolino-auto-inglesina\/\">Inglesina<\/a><\/li>\n<li><a href=\"https:\/\/www.bimbiinauto.com\/seggiolino-auto-chicco\/\">Chicco<\/a><\/li>\n<li><a href=\"https:\/\/www.bimbiinauto.com\/seggiolino-auto-recaro\/\">Recaro<\/a><\/li>\n<li><a href=\"https:\/\/www.bimbiinauto.com\/seggiolino-auto-peg-perego\/\">Peg Perego<\/a><\/li>\n<li><a href=\"https:\/\/www.bimbiinauto.com\/seggiolino-auto-cybex\/\">Cybex<\/a><\/li>\n<li><a href=\"https:\/\/www.bimbiinauto.com\/brevi-tao\/\">Brevi<\/a><\/li>\n<\/ul>\n<h2>Quando cambiare seggiolino?<\/h2>\n<p>Il <a href=\"http:\/\/www.aci.it\/i-servizi\/normative\/codice-della-strada.html\" target=\"_blank\" rel=\"nofollow noopener noreferrer\">codice della strada<\/a> italiano identifica la diversificazione del seggiolino auto in 5 gruppi, questa segmentazione del mercato serve per far capire meglio al genitore quale seggiolino possa essere il migliore per il figlio, in base alle proprie esigenze.<\/p>\n<p>Questi sono i gruppi in base alla normativa sui seggiolini del 2017:<\/p>\n<div class=\"wpsm_arrowlist wpsm_pretty_list\"><\/p>\n<ul>\n<li><a href=\"https:\/\/www.bimbiinauto.com\/gruppo-0-0-10-kg\/\"><strong>Gruppo 0<\/strong><\/a>, bambini da 0 a 10 kg. In questa categoria troviamo le &#8220;navicelle&#8221;, questo &#8220;non proprio&#8221; seggiolino \u00e8 molto scomodo per noi genitori, oltre ad essere molto pesante richiede anche una certa abilit\u00e0 nell&#8217;assicurare questo seggiolino auto, ed il bambino non \u00e8 per niente legato. Vanno montati in senso contrario a quello di marcia o in avanti se il bambino pesa almeno 6 kg. In questo gruppo sono comprese anche le &#8220;navicelle&#8221;, da fissare con le cinture dell&#8217;automobile.<\/li>\n<li><strong><a href=\"https:\/\/www.bimbiinauto.com\/seggiolini-auto-gruppo-0-0-13-kg\/\">Gruppo 0+<\/a><\/strong>, bambini da 0 a 13 kg. Il seggiolino auto di questo gruppo \u00e8 anche comunemente chiamato &#8220;ovetto&#8221;. Questo \u00e8 molto usato, in quanto fa parte del trio che si compra al primo figlio (navicella, ovetto ,passeggino) assicura molto bene il bambino al seggiolino ed \u00e8 relativamente facile e veloce da assicurare al sedile del veicolo. Sono installati in senso contrario a quello di marcia. Offrono maggiore protezione a testa e gambe rispetto al gruppo precedente.<\/li>\n<li><strong><a href=\"https:\/\/www.bimbiinauto.com\/seggiolini-auto-gruppo-1\/\">Gruppo 1<\/a><\/strong>, bambini da 9 a 18 kg. Questi sono i primi seggiolini, in ordine temporale, che vengono installati nel senso di marcia e bloccati con la cintura di sicurezza dell&#8217;automobile. Estremamente facili da installare e sicuri per il bambino, infatti hanno protezioni laterali che permettono la massima stabilit\u00e0 del nostro bambino che pu\u00f2 continuare ad utilizzarli fino ad una et\u00e0 massima di circa 4 anni per un peso inferiore ai 18 Kg.<\/li>\n<li><strong><a href=\"https:\/\/www.bimbiinauto.com\/seggiolini-auto-gruppo-2-15-25-kg\/\">Gruppo 2<\/a><\/strong>, bambini da 15 a 25 kg. Queste sono delle vere e proprie poltroncine, sono dotati di supporto per schiena e braccia, talvolta hanno lo schienale reclinabile e rimovibile ed il poggiatesta regolabile. Spesso sono dotati di cuscini con braccioli omologati. Vengono ancorati e fissati utilizzando le cinture del veicolo con l&#8217;aggiunta di un dispositivo di aggancio che si fissa nel punto in cui la cintura incrocia la spalla.<\/li>\n<li><strong><a href=\"https:\/\/www.bimbiinauto.com\/seggiolini-auto-gruppo-3\/\">Gruppo 3<\/a><\/strong>, bambini da 22 a 36 kg. I bambini in questa fascia sono abbastanza grandi, tra i 6 ed i 12 anni. Questi seggiolini infatti non sono altro che cuscini con braccioli, anche chiamati &#8220;alzabimbi&#8221;. Il vero scopo di questi \u00e8 alzare il bambino permettendogli di potersi assicurare all&#8217;autovettura tramite le cinture di sicurezza di serie del veicolo.<\/li>\n<\/ul>\n<p><\/div>\n<h2>Seggiolini auto Isofix, cosa sono e funzionamento<\/h2>\n<p>I <strong>seggiolini auto Isofix<\/strong> differiscono dai modelli standard in quanto sono dotati di <em>attacchi speciali<\/em> che assicurano il seggiolino al telaio dell&#8217;auto in modo sicuro e rigido, attraverso degli agganci speciali tra i sedili o sul pavimento della macchina, l&#8217;errore umano \u00e8 quasi annullato, grazie alle guide ed agli attacchi fissi al telaio dell&#8217;auto. L&#8217;auto deve essere predisposta dalla fabbrica per avere gli attacchi isofix, alcuni modelli di automobili li hanno di serie, mentre altri sono previsti soltanto come optional.<\/p>\n<p>Uno dei principali problemi del comune <strong>seggiolino auto <\/strong>assicurato tramite cinture di sicurezza \u00e8 dovuto dall&#8217;abilit\u00e0 del genitore. E&#8217; stato infatti calcolato che ben <span class=\"wpsm-highlight wpsm-highlight-yellow\">l&#8217;80% dei seggiolini assicurati con cinture di sicurezza sono montati male,<\/span> e questo non fa altro che mettere a repentaglio l&#8217;incolumit\u00e0 del nostro bambino. Con gli attacchi isofix questa possibilit\u00e0 viene meno, non essendoci praticamente margine di errore.<\/p>\n<p>All&#8217;indirizzo Iso.org sono elencate le caratteristiche necessarie all&#8217;omologazione di questo sistema.<\/p>\n<p>Nella pratica stiamo parlando di due <em>attacchi isofix<\/em> presenti sul lato posteriore basso del seggiolino, e che si incastrano perfettamente all&#8217;auto dotata di questo sistema. Il terzo aggancio pu\u00f2 essere una gamba che partendo dal seggiolino arriva a terra, sul pavimento dell&#8217;autovettura nello spazio tra i sedili anteriori e posteriori, oppure una cintura che si aggancia dietro i sedili posteriori.<\/p>\n<p>In un altro articolo vedremo pi\u00f9 approfonditamente questi particolari modelli di seggiolino per auto, considerati da molti utilizzatori i migliori ed i pi\u00f9 sicuri.<\/p>\n<h3>Lista dei migliori modelli in vendita su amazon.<\/h3>\n\n<h3>Cosa serve per la sicurezza?<\/h3>\n<p>Buonsenso e una buona dose di informazioni. Ti sei mai chiesto se in auto il nostro bambino dovesse sedere senza il suo seggiolino o magari con uno non omologato e di bassa qualit\u00e0?<\/p>\n<p>Questo video qui sotto mostra una simulazione di un crash test in auto, con a bordo genitori e bimbo, guardate cosa potrebbe accadere se utilizzate un seggiolino non a norma o di bassa qualit\u00e0. Pensate che in Italia ben 6 genitori su 10 non utilizza il seggiolino per trasportare il proprio figlio. Una statistica davvero preoccupante ed allarmante.<\/p>\n<p>Quando si parla di sicurezza \u00e8 sempre meglio optare per un prodotto di qualit\u00e0 omologato agli standard di sicurezza attualmente in vigore, possibilmente made in Italy, realizzato da aziende affidabili con materiali robusti e resistenti, in grado di offrire la massima sicurezza ai nostri bimbi durante gli spostamenti in auto.<\/p>\n<div class=\"video-container\">\n        <iframe loading=\"lazy\" width=\"703\" height=\"395\" src=\"https:\/\/www.youtube.com\/embed\/6MBVYJEUpCg\" frameborder=\"0\" allowfullscreen><\/iframe>           \n    <\/div>\n<p>Continuiamo a parlare di sicurezza e di codice della strada.<\/p>\n<h3>Quali sono le normative?<\/h3>\n<p>I bambini sono molto pi\u00f9 a rischio degli adulti negli incidenti stradali, sia per il loro ridotto peso sia perch\u00e9 la loro struttura fisica \u00e8 molto pi\u00f9 delicata e deve quindi essere salvaguardata in modo diverso e con pi\u00f9 attenzione.<\/p>\n<p>Per questo motivo il codice della strada nell&#8217;articolo 172 norma questa tipologia di rischio, in questo articolo vengono suddivisi i gruppi dei seggiolini come elencato sopra.<\/p>\n<h3>In che verso installare il seggiolino in auto?<\/h3>\n<p>Il seggiolino deve essere sempre montato in senso contrario a quello di marcia fino ai 10 kg del bambino, oppure fino a quando non tocca con i piedi il sedile posteriore dell&#8217;auto. In questo caso sempre per una questione di sicurezza \u00e8 bene voltare il seggiolino e posizionarlo nel senso di marcia.<\/p>\n<p>In questa tabella si consiglia vivamente di posizionare sempre sui sedili posteriori, tranne per i seggiolini dei gruppi 2 e 3, per i quali risulta indifferente.<\/p>\n<h3>I prezzi dei seggiolini per auto<\/h3>\n<div class=\"rehub_bordered_block rh_listitem \"><div class=\"rh-flex-center-align rh-flex-justify-center mobileblockdisplay\"><div class=\"rh_listcolumn rh_listcolumn_image text-center\"><img decoding=\"async\" src=\"https:\/\/www.bimbiinauto.com\/wp-content\/uploads\/thumbs_dir\/Kiwy-DeLuxe-Seggiolino-auto-bambini-vera-pelle-23vvrxnejtalusckhibhy7yaab8tri7xo99hvcccmgac.png\" alt=\"Kiwy DeLuxe - vera pelle con adattatore Q-Fix\" \/><\/div><div class=\"rh_listcolumn rh-flex-grow1 rh_listcolumn_text\"><div class=\"font120 fontbold rehub-main-font lineheight20\">Kiwy DeLuxe - vera pelle con adattatore Q-Fix<\/div><div class=\"mt10 greycolor font90 lineheight20\">-Lavorazione pregiata, colore: Beige\/Blu <\/div><\/div><div class=\"rh_listcolumn rh_listcolumn_price text-center\"><\/div><div class=\"text-right-align rh_listcolumn_btn\"><div class=\"priced_block clearfix\"><div><a href=\"http:\/\/amzn.to\/2aFEIWJ\" class=\"re_track_btn btn_offer_block\" target=\"_blank\" rel=\"nofollow\">GUARDA QUESTO PRODOTTO<\/a><\/div><\/div><\/div><\/div><\/div><div class=\"clearfix\"><\/div>\n<p>Navigando in rete troverete moltissimi tipi di seggiolini auto e, di conseguenza, diversi prezzi. La caratteristica principale per scegliere un buon prodotto \u00e8 senza alcun dubbio il livello di sicurezza offerto dal prodotto. Meglio comunque affidarsi ad aziende serie e professionali, specializzate nei prodotti per l&#8217;infanzia o per la sicurezza.<\/p>\n<p>Prima di tutto dovrete verificare che il seggiolino da voi scelto sia in possesso dell&#8217;omologazione europea (riconoscibile dalle sigle <strong>ECE R44-02<\/strong>, <strong>ECE R44-03<\/strong> o <strong>ECE R44-04<\/strong>). In seguito dovrete selezionare un prodotto che risponda alle esigenze di peso del vostro bambino e successivamente un aggancio appropriato al vostro tipo di auto.<\/p>\n<p>Chiaramente i seggiolini auto con aggancio tramite le cinture di sicurezza sono pi\u00f9 economici rispetto a quelli con <em>aggancio isofix<\/em>.<\/p>\n<p>Parlando di cifre \u00e8 difficile dare delle risposte ma ci proviamo lo stesso, diciamo che partendo con poche decine di euro possiamo prendere un prodotto omologato, certamente non predisposto con attacco isofix, ma che comunque fa il suo lavoro, anche se parlare di risparmio, quando si tratta di sicurezza non \u00e8 molto saggio, specialmente se \u00e8 in gioco la salute e la vita dei nostri bimbi.<\/p>\n<p>Se abbiamo possibilit\u00e0 economiche maggiori ha senso tenere in considerazione una fascia di alta qualit\u00e0, agganci isofix ed ottimi materiali robusti, realizzati da case costruttrici rinomate. Per questo tipo di prodotti ci aggiriamo intorno a qualche centinaio di euro.<\/p>\n<p>Se vogliamo proprio esagerare non ci sono limiti di spesa, qui sotto metto un esempio di seggiolini full optional di altissima qualit\u00e0 e prestigio, sicuramente non adatto a tutti i portafogli.<\/p>\n<h3>Quale modello \u00e8 adatto alle mie esigenze?<\/h3>\n<div class=\"rehub_bordered_block rh_listitem \"><div class=\"rh-flex-center-align rh-flex-justify-center mobileblockdisplay\"><div class=\"rh_listcolumn rh_listcolumn_image text-center\"><img decoding=\"async\" src=\"https:\/\/www.bimbiinauto.com\/wp-content\/uploads\/thumbs_dir\/seggiolino-auto-bimbo-foppapedretti-isodinamyk-rosso-23vvryvshg0ym8lo0f4onzp31x3uzhpdvy16ws04nshg.png\" alt=\"Seggiolino Auto Foppapedretti Isodinamyk Rosso\" \/><\/div><div class=\"rh_listcolumn rh-flex-grow1 rh_listcolumn_text\"><div class=\"font120 fontbold rehub-main-font lineheight20\">Seggiolino Auto Foppapedretti Isodinamyk Rosso<\/div><\/div><div class=\"rh_listcolumn rh_listcolumn_price text-center\"><\/div><div class=\"text-right-align rh_listcolumn_btn\"><div class=\"priced_block clearfix\"><div><a href=\"http:\/\/amzn.to\/2bagSyJ\" class=\"re_track_btn btn_offer_block\" target=\"_blank\" rel=\"nofollow\">GUARDA QUESTO PRODOTTO<\/a><\/div><\/div><\/div><\/div><\/div><div class=\"clearfix\"><\/div>\n<p><a href=\"http:\/\/amzn.to\/2bagSyJ\" target=\"_blank\" rel=\"nofollow noopener noreferrer\"><img loading=\"lazy\" decoding=\"async\" class=\"alignright wp-image-2864 size-medium\" src=\"https:\/\/www.bimbiinauto.com\/wp-content\/uploads\/2017\/10\/seggiolino-auto-bimbo-foppapedretti-isodinamyk-rosso-279x300.png\" alt=\"Seggiolino Auto Foppapedretti Isodinamyk Rosso\" width=\"279\" height=\"300\" srcset=\"https:\/\/www.bimbiinauto.com\/wp-content\/uploads\/2017\/10\/seggiolino-auto-bimbo-foppapedretti-isodinamyk-rosso-279x300.png 279w, https:\/\/www.bimbiinauto.com\/wp-content\/uploads\/2017\/10\/seggiolino-auto-bimbo-foppapedretti-isodinamyk-rosso-580x624.png 580w, https:\/\/www.bimbiinauto.com\/wp-content\/uploads\/2017\/10\/seggiolino-auto-bimbo-foppapedretti-isodinamyk-rosso-788x847.png 788w, https:\/\/www.bimbiinauto.com\/wp-content\/uploads\/2017\/10\/seggiolino-auto-bimbo-foppapedretti-isodinamyk-rosso.png 546w\" sizes=\"auto, (max-width: 279px) 100vw, 279px\" \/><\/a>Dipende da molti fattori. Ti sia chiaro da subito una cosa: nessun seggiolino auto \u00e8 per sempre!<\/p>\n<p>Anzi durante la crescita del bambino potresti dover cambiare seggiolino anche pi\u00f9 volte. Qui di seguito alcuni esempi.<\/p>\n<p>Sconsiglio vivamente di partire con la navicella, assicurarla all&#8217;auto \u00e8 un operazione macchinosa ed impegnativa, in pi\u00f9 il bambino non \u00e8 per niente ben riparato, mentre \u00e8 ottimo l&#8217;ovetto che \u00e8 parte del gruppo 0+.<\/p>\n<p>Il pi\u00f9 delle volte i neo genitori iniziano comprando il trio che \u00e8 formato da navicella, ovetto e passeggino. Altre volte ancora questi seggiolini auto li ereditiamo da parenti ed amici, spesso in ottime condizioni siccome il loro uso \u00e8 comunque limitato nel tempo, massimo 10 mesi e bisogna passare ad un seggiolino di un gruppo superiore.<\/p>\n<p>Qui le soluzioni sono due:<\/p>\n<ol>\n<li>Comprare un seggiolino <a href=\"https:\/\/www.bimbiinauto.com\/seggiolini-auto-gruppo-123-9-36-kg\/\">gruppo misto 1\/2\/3<\/a> con il quale copriremo per intero il nostro bisogno<\/li>\n<li>Comprare un seggiolino di gruppo 1\/2 e poi dopo i 25 kg di peso del bambino acquistare un cuscino e\/o seggiolino che rientra nel gruppo 3.<\/li>\n<\/ol>\n<p>Per altre informazioni continua a navigare sul nostro sito web e vedrai che leggendo le nostre recensioni sui migliori seggiolini auto per bambini troverai il modello giusto per le tue esigenze.<\/p>\n<p>Qui sotto intanto trovi alcuni tra i migliori modelli in commercio, disponibili online in offerta a prezzo scontato.<\/p>\n<h3>Dispositivi Anti Abbandono<\/h3>\n<p>La normativa del Nuovo Codice della Strada, in riferimento all&#8217;art. 172, dal 2020 ha introdotto l&#8217;obbligo per il conducente del veicolo di dotarsi di un dispositivo di sicurezza ulteriore, per tutti i bambini fino ai 4 anni di et\u00e0.<\/p>\n<p>La normativa prevede l&#8217;installazione di un dispositivo anti abbandono, per contrastare i recenti casi di cronaca che sempre pi\u00f9 spesso vedono bambini vittime della distrazione dei genitori, che inconsciamente li dimenticano in auto sul seggiolino.<\/p>\n<p>Per far maggiore chiarezza abbiamo redatto un articolo di chiarimento dove troverai tutte le informazioni a riguardo.<\/p>\n<p>In questo articolo \u00e8 possibile scegliere anche il <a href=\"https:\/\/www.bimbiinauto.com\/migliori-dispositivi-anti-abbandono\/\">miglior dispositivo anti abbandono<\/a> da installare sul proprio seggiolino in auto.<\/p>\n<p>Inoltre troverai tutte le informazioni per richiedere il bonus di rimborso per&nbsp; la spesa sostenuta da utilizzare sul portale SOGEI.<\/p>\n","protected":false},"excerpt":{"rendered":"<p>Se sei alla ricerca del miglior seggiolino auto per bambini, sei nel posto giusto! Con questo sito abbiamo voluto creare una raccolta di recensioni dei migliori seggiolini auto omologati secondo le normative vigenti, in grado di garantire la massima sicurezza e comodit\u00e0 al tuo bambino durante gli spostamenti i nauto, sia per i brevi spostamenti [&hellip;]<\/p>\n","protected":false},"author":2,"featured_media":2863,"parent":0,"menu_order":0,"comment_status":"closed","ping_status":"closed","template":"","meta":{"footnotes":""},"class_list":["post-2071","page","type-page","status-publish","has-post-thumbnail","hentry"],"_links":{"self":[{"href":"https:\/\/www.bimbiinauto.com\/index.php?rest_route=\/wp\/v2\/pages\/2071","targetHints":{"allow":["GET"]}}],"collection":[{"href":"https:\/\/www.bimbiinauto.com\/index.php?rest_route=\/wp\/v2\/pages"}],"about":[{"href":"https:\/\/www.bimbiinauto.com\/index.php?rest_route=\/wp\/v2\/types\/page"}],"author":[{"embeddable":true,"href":"https:\/\/www.bimbiinauto.com\/index.php?rest_route=\/wp\/v2\/users\/2"}],"replies":[{"embeddable":true,"href":"https:\/\/www.bimbiinauto.com\/index.php?rest_route=%2Fwp%2Fv2%2Fcomments&post=2071"}],"version-history":[{"count":0,"href":"https:\/\/www.bimbiinauto.com\/index.php?rest_route=\/wp\/v2\/pages\/2071\/revisions"}],"wp:featuredmedia":[{"embeddable":true,"href":"https:\/\/www.bimbiinauto.com\/index.php?rest_route=\/wp\/v2\/media\/2863"}],"wp:attachment":[{"href":"https:\/\/www.bimbiinauto.com\/index.php?rest_route=%2Fwp%2Fv2%2Fmedia&parent=2071"}],"curies":[{"name":"wp","href":"https:\/\/api.w.org\/{rel}","templated":true}]}}