{"id":3673,"date":"2020-12-10T04:00:33","date_gmt":"2020-12-10T04:00:33","guid":{"rendered":"https:\/\/www.bimbiinauto.com\/?page_id=3673"},"modified":"2026-02-11T02:16:52","modified_gmt":"2026-02-11T02:16:52","slug":"classifica-miglior-seggiolino-auto-per-bambini","status":"publish","type":"page","link":"https:\/\/www.bimbiinauto.com\/?page_id=3673","title":{"rendered":"Classifica Miglior Seggiolino Auto per Bambini"},"content":{"rendered":"<p>In questo articolo ti aiuteremo a scoprire la classifica del miglior seggiolino auto per bambini, proponendoti vari modelli tra i pi\u00f9 sicuri, comodi e pratici, delle migliori marche di seggiolini omologati, reclinabili e regolabili in altezza, senza o con attacchi isofix, pi\u00f9 adatti alle tue necessit\u00e0.<\/p>\n<p>Trovare il miglior seggiolino&nbsp; per auto per trasportare in auto in totale sicurezza tuo figlio, non \u00e8 per niente facile, per via della normativa non molto chiara e intuitiva. Tuttavia la grande disponibilit\u00e0 di marche produttrici con a listino svariati modelli, disponibili sul mercato online render\u00e0 tutto pi\u00f9 semplice.<\/p>\n<p>Trovare la migliore offerta per garantire la massima sicurezza a tuo figlio senza spendere cifre esorbitanti \u00e8 ora possibile, grazie alla nostra classifica dei migliori seggiolini auto per bambini.<\/p>\n<p>Qui di seguito potete trovare i link agli ultimi modelli messi in commercio dalle migliori marche e case produttrici di seggiolini auto per bambini.<\/p>\n\n<h2>Principali marche di seggiolini auto<\/h2>\n<ul>\n<li><a href=\"https:\/\/www.bimbiinauto.com\/seggiolino-auto-foppapedretti\/\">Foppapedretti<\/a><\/li>\n<li><a href=\"https:\/\/www.bimbiinauto.com\/seggiolino-auto-cam\/\">Cam<\/a><\/li>\n<li><a href=\"https:\/\/www.bimbiinauto.com\/seggiolino-auto-inglesina\/\">Inglesina<\/a><\/li>\n<li><a href=\"https:\/\/www.bimbiinauto.com\/seggiolino-auto-chicco\/\">Chicco<\/a><\/li>\n<li><a href=\"https:\/\/www.bimbiinauto.com\/seggiolino-auto-recaro\/\">Recaro<\/a><\/li>\n<li><a href=\"https:\/\/www.bimbiinauto.com\/seggiolino-auto-peg-perego\/\">Peg Perego<\/a><\/li>\n<li><a href=\"https:\/\/www.bimbiinauto.com\/seggiolino-auto-cybex\/\">Cybex<\/a><\/li>\n<li><a href=\"https:\/\/www.bimbiinauto.com\/brevi-tao\/\">Brevi<\/a><\/li>\n<\/ul>\n<p>Di seguito potete trovare alcuni tra i modelli pi\u00f9 popolari ed apprezzati dal pubblico, realizzate dalle principali marche impegnate nella realizzazione di questi dispositivi di sicurezza per l&#8217;infanzia che vendono i propri modelli online.<\/p>\n<h3>Seggiolini Foppapedretti<\/h3>\n<ul>\n<li><a href=\"https:\/\/www.bimbiinauto.com\/foppapedretti-isodinamyk-seggiolino-auto-nero\/\">Isodinamyk<\/a><\/li>\n<li><a href=\"https:\/\/www.bimbiinauto.com\/foppapedretti-dinamyk-seggiolino-auto-antracite\/\">Dinamyk<\/a><\/li>\n<li><a href=\"https:\/\/www.bimbiinauto.com\/seggiolino-auto-tekno-foppapedretti\/\">Tekno<\/a><\/li>\n<li><a href=\"https:\/\/www.bimbiinauto.com\/seggiolino-auto-foppapedretti-babyroad\/\">Babyroad<\/a><\/li>\n<li><a href=\"https:\/\/www.bimbiinauto.com\/seggiolino-auto-foppapedretti-re-klino\/\">ReKlino<\/a><\/li>\n<li><a href=\"https:\/\/www.bimbiinauto.com\/seggiolino-auto-foppapedretti-re-klino-fix\/\">Re-Klino Fix<\/a><\/li>\n<li><a href=\"https:\/\/www.bimbiinauto.com\/seggiolino-auto-foppapedretti-limousine\/\">Limousine<\/a><\/li>\n<li><a href=\"https:\/\/www.bimbiinauto.com\/seggiolino-auto-foppapedretti-limousine\/\">Go! Evolution<\/a><\/li>\n<li><a href=\"https:\/\/www.bimbiinauto.com\/seggiolino-auto-foppapedretti-kite\/\">Kite<\/a><\/li>\n<li><a href=\"https:\/\/www.bimbiinauto.com\/seggiolino-auto-foppapedretti-kite\/\">Tourn\u00e9<\/a><\/li>\n<\/ul>\n<h3>Seggiolini Chicco<\/h3>\n<ul>\n<li><a href=\"https:\/\/www.bimbiinauto.com\/seggiolino-auto-chicco-gro-123\/\">Gro-Up 123<\/a><\/li>\n<li><a href=\"https:\/\/www.bimbiinauto.com\/seggiolino-auto-chicco-go-one\/\">Go One<\/a><\/li>\n<li><a href=\"https:\/\/www.bimbiinauto.com\/seggiolino-auto-chicco-go-one-isofix\/\">Go One Isofix<\/a><\/li>\n<li><a href=\"https:\/\/www.bimbiinauto.com\/seggiolino-chicco-seat-up-012\/\">Seat Up 012<\/a><\/li>\n<li><a href=\"https:\/\/www.bimbiinauto.com\/seggiolino-auto-chicco-oasys-isofix-evo\/\">Oasys Isofix Evo<\/a><\/li>\n<li><a href=\"https:\/\/www.bimbiinauto.com\/seggiolino-auto-chicco-quasar-plus\/\">Quasar Plus<\/a><\/li>\n<li><a href=\"https:\/\/www.bimbiinauto.com\/seggiolino-auto-chicco-key-elegance\/\">Key Elegance<\/a><\/li>\n<\/ul>\n<h3>Seggiolini Peg Perego<\/h3>\n<ul>\n<li><a href=\"https:\/\/www.bimbiinauto.com\/seggiolino-auto-peg-perego-viaggio-123-via\/\">Viaggio 123 Via<\/a><\/li>\n<li><a href=\"https:\/\/www.bimbiinauto.com\/seggiolino-auto-peg-perego-viaggio-2-3-shuttle\/\">Viaggio 2-3 Shuttle<\/a><\/li>\n<li><a href=\"https:\/\/www.bimbiinauto.com\/seggiolino-auto-peg-perego-viaggio-2-3-flex\/\">Viaggio 2-3 Flex<\/a><\/li>\n<li><a href=\"https:\/\/www.bimbiinauto.com\/seggiolino-auto-peg-perego-viaggio-1-duo-fix-k\/\">Viaggio 1 Duo Fix K<\/a><\/li>\n<\/ul>\n<h3>Seggiolini Inglesina<\/h3>\n<ul>\n<li><a href=\"https:\/\/www.bimbiinauto.com\/seggiolino-auto-inglesina-marco-polo\/\">Marco Polo<\/a><\/li>\n<li><a href=\"https:\/\/www.bimbiinauto.com\/seggiolino-auto-inglesina-prime-miglia-fix\/\">Prime Miglia I Fix<\/a><\/li>\n<li><a href=\"https:\/\/www.bimbiinauto.com\/seggiolino-auto-inglesina-amerigo-hsa\/\">Amerigo HSA<\/a><\/li>\n<\/ul>\n<h3>Seggiolini Cybex<\/h3>\n<ul>\n<li><a href=\"https:\/\/www.bimbiinauto.com\/seggiolino-auto-cybex-pallas-s-fix\/\">Cybex Gold<\/a><\/li>\n<li><a href=\"https:\/\/www.bimbiinauto.com\/seggiolino-auto-cybex-pallas-s-fix-3\/\">Cybex Silver<\/a><\/li>\n<li><a href=\"https:\/\/www.bimbiinauto.com\/seggiolino-auto-cybex-pallas-s-fix-2\/\">Cybex Pallas<\/a><\/li>\n<li><a href=\"https:\/\/www.bimbiinauto.com\/cybex-solution-s-fix\/\">Cybex Solution<\/a><\/li>\n<\/ul>\n<h3>Seggiolini Cam<\/h3>\n<ul>\n<li><a href=\"https:\/\/www.bimbiinauto.com\/seggiolino-auto-cam-travel-evolution\/\">Travel Evolution<\/a><\/li>\n<\/ul>\n<h3>Seggiolini Recaro<\/h3>\n<ul>\n<li><a href=\"https:\/\/www.bimbiinauto.com\/recaro-seggiolino-auto-monza-nova-2\/\">Recaro Monza Nova<\/a><\/li>\n<\/ul>\n<h3>Seggiolini Brevi<\/h3>\n<ul>\n<li><a href=\"https:\/\/www.bimbiinauto.com\/brevi-tao\/\">Brevi Tao<\/a><\/li>\n<\/ul>\n<p>Cliccando sui link presenti in questo nostro piccolo men\u00f9 pubblicato in questa pagina potete visitare le schede con le recensioni sui seggiolini auto per bambini realizzati dalle rispettive aziende, potrete leggere le nostre opinioni pubblicate sul nostro sito web, comparare le caratteristiche dei vari modelli ed eventualmente decidere di acquistare una volta trovato il modello che meglio si adatta alle vostre esigenze.<\/p>\n","protected":false},"excerpt":{"rendered":"<p>In questo articolo ti aiuteremo a scoprire la classifica del miglior seggiolino auto per bambini, proponendoti vari modelli tra i pi\u00f9 sicuri, comodi e pratici, delle migliori marche di seggiolini omologati, reclinabili e regolabili in altezza, senza o con attacchi isofix, pi\u00f9 adatti alle tue necessit\u00e0. Trovare il miglior seggiolino&nbsp; per auto per trasportare in [&hellip;]<\/p>\n","protected":false},"author":3,"featured_media":3677,"parent":0,"menu_order":0,"comment_status":"closed","ping_status":"closed","template":"","meta":{"footnotes":""},"class_list":["post-3673","page","type-page","status-publish","has-post-thumbnail","hentry"],"_links":{"self":[{"href":"https:\/\/www.bimbiinauto.com\/index.php?rest_route=\/wp\/v2\/pages\/3673","targetHints":{"allow":["GET"]}}],"collection":[{"href":"https:\/\/www.bimbiinauto.com\/index.php?rest_route=\/wp\/v2\/pages"}],"about":[{"href":"https:\/\/www.bimbiinauto.com\/index.php?rest_route=\/wp\/v2\/types\/page"}],"author":[{"embeddable":true,"href":"https:\/\/www.bimbiinauto.com\/index.php?rest_route=\/wp\/v2\/users\/3"}],"replies":[{"embeddable":true,"href":"https:\/\/www.bimbiinauto.com\/index.php?rest_route=%2Fwp%2Fv2%2Fcomments&post=3673"}],"version-history":[{"count":0,"href":"https:\/\/www.bimbiinauto.com\/index.php?rest_route=\/wp\/v2\/pages\/3673\/revisions"}],"wp:featuredmedia":[{"embeddable":true,"href":"https:\/\/www.bimbiinauto.com\/index.php?rest_route=\/wp\/v2\/media\/3677"}],"wp:attachment":[{"href":"https:\/\/www.bimbiinauto.com\/index.php?rest_route=%2Fwp%2Fv2%2Fmedia&parent=3673"}],"curies":[{"name":"wp","href":"https:\/\/api.w.org\/{rel}","templated":true}]}}